{"id":116,"date":"2016-09-23T10:04:09","date_gmt":"2016-09-23T08:04:09","guid":{"rendered":"http:\/\/ecgm.fr\/?page_id=116"},"modified":"2020-10-15T14:03:44","modified_gmt":"2020-10-15T12:03:44","slug":"mentions-legales","status":"publish","type":"page","link":"https:\/\/ecgm.fr\/index.php\/contact\/mentions-legales\/","title":{"rendered":"Mentions l\u00e9gales"},"content":{"rendered":"<p>Les mentions l\u00e9gales obligatoires concernant ecgm.fr sont indiqu\u00e9es sur cette page conform\u00e9ment \u00e0 la loi pour la confiance dans l\u2019\u00e9conomie num\u00e9rique (LCEN) de juin 2004.<\/p>\n<h2>Identification de l\u2019\u00e9diteur :<\/h2>\n<p>Ensemble Choral Georges Migot ( Association loi 1901 ).<\/p>\n<p>Chez M. Fournigault<\/p>\n<p>12 impasse des jardins. 94230 Cachan.<\/p>\n<p>SIRET :482 724 226 00022<\/p>\n<p>Directeur de la publication : bureau coll\u00e9gial de l&rsquo;association.<\/p>\n<h2>Prestataire d\u2019h\u00e9bergement<\/h2>\n<p>Le prestataire assurant l\u2019h\u00e9bergement du site est la soci\u00e9t\u00e9 OVH SAS dont le si\u00e8ge social est bas\u00e9 au 2 RUE KELLERMANN 59100 ROUBAIX, inscrite au Registre du Commerce et de l\u2019Industrie de Lille M\u00e9tropole sous le n\u00b0 B 424 761 419.<\/p>\n<h2>Les liens externes<\/h2>\n<p>Le Site peut contenir des liens hypertexte allant vers d\u2019autres sites Internet. l&rsquo; Ensemble Choral Georges Migot ne prend aucun engagement concernant tout autre site Internet auquel vous pourriez avoir acc\u00e8s via le Site et n\u2019est en aucune fa\u00e7on responsable du contenu, du fonctionnement et de l\u2019acc\u00e8s \u00e0 ces sites.<\/p>\n<h2>Contenus illicites et bonnes moeurs<\/h2>\n<p>Toute action de votre part qui aurait pour but de restreindre ou emp\u00eacher une autre personne d\u2019utiliser ou de profiter du Site est strictement interdite. L&rsquo;Ensemble\u00a0 Choral Georges Migot rappelle que vous ne pourrez utiliser le Site qu\u2019\u00e0 des fins l\u00e9gales et qu\u2019il vous est interdit de publier ou de transmettre par le Site tout \u00e9l\u00e9ment illicite, pr\u00e9judiciable, diffamatoire, pornographique, haineux, raciste ou autrement attentatoire \u00e0 la dignit\u00e9 humaine. Au cas o\u00f9 l&rsquo;Ensemble Choral Georges Migot serait inform\u00e9 de la pr\u00e9sence de contenus illicites sur le Site, il serait en droit d\u2019en supprimer imm\u00e9diatement le contenu. L&rsquo;Ensemble Choral Georges Migot se r\u00e9serve, par ailleurs, la possibilit\u00e9 de prendre toutes les mesures n\u00e9cessaires pour faire respecter ses droits. L&rsquo;Ensemble Choral Georges Migot est en droit d\u2019effectuer une surveillance \u00e9lectronique des documents affich\u00e9s et des zones publiques du Site pour v\u00e9rifier leur conformit\u00e9 aux exigences expos\u00e9es ci-dessus.<\/p>\n<h2>Droit Applicable<\/h2>\n<p>Les pr\u00e9sentes dispositions sont soumises au droit fran\u00e7ais.<\/p>\n","protected":false},"excerpt":{"rendered":"<p>Les mentions l\u00e9gales obligatoires concernant ecgm.fr sont indiqu\u00e9es sur cette page conform\u00e9ment \u00e0 la loi pour la confiance dans l\u2019\u00e9conomie num\u00e9rique (LCEN) de juin 2004. Identification de l\u2019\u00e9diteur : Ensemble Choral Georges Migot ( Association loi 1901 ). Chez M. &hellip; <a href=\"https:\/\/ecgm.fr\/index.php\/contact\/mentions-legales\/\">Continuer la lecture <span class=\"meta-nav\">&rarr;<\/span><\/a><\/p>\n","protected":false},"author":1,"featured_media":0,"parent":43,"menu_order":0,"comment_status":"closed","ping_status":"closed","template":"","meta":[],"_links":{"self":[{"href":"https:\/\/ecgm.fr\/index.php\/wp-json\/wp\/v2\/pages\/116"}],"collection":[{"href":"https:\/\/ecgm.fr\/index.php\/wp-json\/wp\/v2\/pages"}],"about":[{"href":"https:\/\/ecgm.fr\/index.php\/wp-json\/wp\/v2\/types\/page"}],"author":[{"embeddable":true,"href":"https:\/\/ecgm.fr\/index.php\/wp-json\/wp\/v2\/users\/1"}],"replies":[{"embeddable":true,"href":"https:\/\/ecgm.fr\/index.php\/wp-json\/wp\/v2\/comments?post=116"}],"version-history":[{"count":4,"href":"https:\/\/ecgm.fr\/index.php\/wp-json\/wp\/v2\/pages\/116\/revisions"}],"predecessor-version":[{"id":352,"href":"https:\/\/ecgm.fr\/index.php\/wp-json\/wp\/v2\/pages\/116\/revisions\/352"}],"up":[{"embeddable":true,"href":"https:\/\/ecgm.fr\/index.php\/wp-json\/wp\/v2\/pages\/43"}],"wp:attachment":[{"href":"https:\/\/ecgm.fr\/index.php\/wp-json\/wp\/v2\/media?parent=116"}],"curies":[{"name":"wp","href":"https:\/\/api.w.org\/{rel}","templated":true}]}}