{"id":12,"date":"2016-09-16T15:47:21","date_gmt":"2016-09-16T13:47:21","guid":{"rendered":"http:\/\/ecgm.fr\/?page_id=12"},"modified":"2016-09-21T17:33:07","modified_gmt":"2016-09-21T15:33:07","slug":"jumelage","status":"publish","type":"page","link":"https:\/\/ecgm.fr\/index.php\/historique\/jumelage\/","title":{"rendered":"Jumelage"},"content":{"rendered":"<h1 class=\"standardtext\" style=\"text-align: center;\">Jumelage ECGM &#8211; Frauenchor de Sickte<\/h1>\n<div id=\"attachment_70\" style=\"width: 192px\" class=\"wp-caption alignleft\"><img aria-describedby=\"caption-attachment-70\" decoding=\"async\" loading=\"lazy\" class=\"wp-image-70 size-full\" src=\"https:\/\/ecgm.fr\/wp-content\/uploads\/2016\/09\/cachan@pft-copier.jpg\" alt=\"Blason de Cachan\" width=\"182\" height=\"233\" \/><p id=\"caption-attachment-70\" class=\"wp-caption-text\">Blason de Cachan<\/p><\/div>\n<p class=\"standardtext\" style=\"text-align: justify;\">\n<p class=\"standardtext\" style=\"text-align: justify;\">Les premiers contacts franco-allemands ont eu lieu en 1965 \u00e0 l&rsquo;occasion de Vacances Musicales Internationales organis\u00e9es \u00e0Prades par la FNACEM, association fran\u00e7aise s&rsquo;occupant de s\u00e9jours musicaux d&rsquo;enfants d&rsquo;\u00e2ge scolaire. Notre premier chef de ch\u0153ur, <a href=\"https:\/\/ecgm.fr\/index.php\/2016\/09\/16\/MichelVergnault\"><b>Michel VERGNAULT<\/b><\/a>, dirigeait musicalement cette colonie. Cette activit\u00e9 a eu un grand succ\u00e8s, allant jusqu&rsquo;\u00e0 deux rencontres annuelles.<\/p>\n<p class=\"standardtext\" style=\"text-align: justify;\">En 1966, en Allemagne, ces m\u00eames contacts rapprochent Cachan du Landkreis de Braunschweig, \u00e0 l&rsquo;initiative de M. LAUENSTEIN, Landrat (\u00e9quivalent du Pr\u00e9sident du Conseil G\u00e9n\u00e9ral de la r\u00e9gion de Braunschweig), qui propose des rencontres culturelles. Les contacts se poursuivent sur ces bases. Ils sont efficacement soutenus, c\u00f4t\u00e9 allemand, par MM. LAUENSTEIN (membre \u00e9lu) et GEFFERS (directeur des services administratifs), ainsi que M. SIEFERT pour l&rsquo;aspect musical. A Cachan, M. CARAT (maire de l&rsquo;\u00e9poque) et M. GOULE appuient l&rsquo;action de M. VERGNAULT.<\/p>\n<div id=\"attachment_72\" style=\"width: 192px\" class=\"wp-caption alignright\"><img aria-describedby=\"caption-attachment-72\" decoding=\"async\" loading=\"lazy\" class=\"wp-image-72 size-full\" src=\"https:\/\/ecgm.fr\/wp-content\/uploads\/2016\/09\/sickte@pft-copier.gif\" alt=\"Blason de Sickte\" width=\"182\" height=\"236\" \/><p id=\"caption-attachment-72\" class=\"wp-caption-text\">Blason de Sickte<\/p><\/div>\n<p class=\"standardtext\" style=\"text-align: justify;\">Des deux c\u00f4t\u00e9s se manifestait ainsi le souci de cr\u00e9er des liens d&rsquo;amiti\u00e9 entre deux peuples qui venaient de s&rsquo;affronter.<\/p>\n<p class=\"standardtext\" style=\"text-align: justify;\">En 1972, Michel VERGNAULT cr\u00e9e la chorale du conservatoire de <a href=\"http:\/\/www.ville-cachan.fr\/\" target=\"_blank\"><b>Cachan<\/b><\/a>, qui prendra le statut d&rsquo;association en 1980 sous le nom d&rsquo;Ensemble Choral Georges Migot (du nom d&rsquo;un compositeur contemporain d\u00e9c\u00e9d\u00e9 en 1976).<\/p>\n<p class=\"standardtext\" style=\"text-align: justify;\">Une d\u00e9coupe administrative du Landkreis intervient, avec formation de districts. Au sein du district de Wolfenb\u00fcttel (auquel est jumel\u00e9 Cachan), une chorale f\u00e9minine (le <b><i>Frauenchor<\/i><\/b>) de <a href=\"http:\/\/www.sickte.de\/\" target=\"_blank\"><b>Sickte<\/b><\/a> propose en 1976 des relations culturelles avec Cachan, qui s&rsquo;orientent tout naturellement vers des activit\u00e9s chorales. C&rsquo;est le d\u00e9but de relations suivies et d&rsquo;un jumelage entre le Frauenchor et l&rsquo;Ensemble Choral Georges Migot, concr\u00e9tis\u00e9s par des rencontres dont le rythme se stabilise rapidement \u00e0 une tous les deux ans, alternativement \u00e0 Sickte (dont les derni\u00e8res en 2012 et 2016 ) et Cachan (2006, 2010 et 2014). La derni\u00e8re a eu lieu \u00e0 Sickte du 5 au 8 mai 2016.<\/p>\n<div id=\"attachment_85\" style=\"width: 192px\" class=\"wp-caption aligncenter\"><img aria-describedby=\"caption-attachment-85\" decoding=\"async\" loading=\"lazy\" class=\"size-full wp-image-85\" src=\"https:\/\/ecgm.fr\/wp-content\/uploads\/2016\/09\/ecusson-Wolfenbuttel@pft-copier.gif\" alt=\"Blason de Wolfenb\u00fcttel\" width=\"182\" height=\"215\" \/><p id=\"caption-attachment-85\" class=\"wp-caption-text\">Blason de Wolfenb\u00fcttel<\/p><\/div>\n<p><span style=\"border-radius: 2px; text-indent: 20px; width: auto; padding: 0px 4px 0px 0px; text-align: center; font: bold 11px\/20px 'Helvetica Neue',Helvetica,sans-serif; color: #ffffff; background: #bd081c no-repeat scroll 3px 50% \/ 14px 14px; position: absolute; opacity: 1; z-index: 8675309; display: none; cursor: pointer; top: 332px; left: 967px;\">Enregistrer<\/span><\/p>\n<p><span style=\"border-radius: 2px; text-indent: 20px; width: auto; padding: 0px 4px 0px 0px; text-align: center; font: bold 11px\/20px 'Helvetica Neue',Helvetica,sans-serif; color: #ffffff; background: #bd081c no-repeat scroll 3px 50% \/ 14px 14px; position: absolute; opacity: 1; z-index: 8675309; display: none; cursor: pointer; top: 28px; left: 967px;\">Enregistrer<\/span><\/p>\n<p><span style=\"border-radius: 2px; text-indent: 20px; width: auto; padding: 0px 4px 0px 0px; text-align: center; font: bold 11px\/20px 'Helvetica Neue',Helvetica,sans-serif; color: #ffffff; background: #bd081c no-repeat scroll 3px 50% \/ 14px 14px; position: absolute; opacity: 1; z-index: 8675309; display: none; cursor: pointer;\">Enregistrer<\/span><\/p>\n<p><span style=\"border-radius: 2px; text-indent: 20px; width: auto; padding: 0px 4px 0px 0px; text-align: center; font: bold 11px\/20px 'Helvetica Neue',Helvetica,sans-serif; color: #ffffff; background: #bd081c no-repeat scroll 3px 50% \/ 14px 14px; position: absolute; opacity: 1; z-index: 8675309; display: block; cursor: pointer; top: 395px; left: 469px;\">Enregistrer<\/span><\/p>\n<p><span style=\"border-radius: 2px; text-indent: 20px; width: auto; padding: 0px 4px 0px 0px; text-align: center; font: bold 11px\/20px 'Helvetica Neue',Helvetica,sans-serif; color: #ffffff; background: #bd081c no-repeat scroll 3px 50% \/ 14px 14px; position: absolute; opacity: 1; z-index: 8675309; display: none; cursor: pointer;\">Enregistrer<\/span><\/p>\n<p><span style=\"border-radius: 2px; text-indent: 20px; width: auto; padding: 0px 4px 0px 0px; text-align: center; font: bold 11px\/20px 'Helvetica Neue',Helvetica,sans-serif; color: #ffffff; background: #bd081c no-repeat scroll 3px 50% \/ 14px 14px; position: absolute; opacity: 1; z-index: 8675309; display: none; cursor: pointer; top: 576px; left: 469px;\">Enregistrer<\/span><\/p>\n<p><span style=\"border-radius: 2px; text-indent: 20px; width: auto; padding: 0px 4px 0px 0px; text-align: center; font: bold 11px\/20px 'Helvetica Neue',Helvetica,sans-serif; color: #ffffff; background: #bd081c no-repeat scroll 3px 50% \/ 14px 14px; position: absolute; opacity: 1; z-index: 8675309; display: none; cursor: pointer; top: 1076px; left: 249px;\">Enregistrer<\/span><\/p>\n<p><span style=\"border-radius: 2px; text-indent: 20px; width: auto; padding: 0px 4px 0px 0px; text-align: center; font: bold 11px\/20px 'Helvetica Neue',Helvetica,sans-serif; color: #ffffff; background: #bd081c  no-repeat scroll 3px 50% \/ 14px 14px; position: absolute; opacity: 1; z-index: 8675309; display: none; cursor: pointer; top: 600px; left: 469px;\">Enregistrer<\/span><\/p>\n","protected":false},"excerpt":{"rendered":"<p>Jumelage ECGM &#8211; Frauenchor de Sickte Les premiers contacts franco-allemands ont eu lieu en 1965 \u00e0 l&rsquo;occasion de Vacances Musicales Internationales organis\u00e9es \u00e0Prades par la FNACEM, association fran\u00e7aise s&rsquo;occupant de s\u00e9jours musicaux d&rsquo;enfants d&rsquo;\u00e2ge scolaire. Notre premier chef de ch\u0153ur, &hellip; <a href=\"https:\/\/ecgm.fr\/index.php\/historique\/jumelage\/\">Continuer la lecture <span class=\"meta-nav\">&rarr;<\/span><\/a><\/p>\n","protected":false},"author":1,"featured_media":0,"parent":10,"menu_order":0,"comment_status":"closed","ping_status":"closed","template":"","meta":[],"_links":{"self":[{"href":"https:\/\/ecgm.fr\/index.php\/wp-json\/wp\/v2\/pages\/12"}],"collection":[{"href":"https:\/\/ecgm.fr\/index.php\/wp-json\/wp\/v2\/pages"}],"about":[{"href":"https:\/\/ecgm.fr\/index.php\/wp-json\/wp\/v2\/types\/page"}],"author":[{"embeddable":true,"href":"https:\/\/ecgm.fr\/index.php\/wp-json\/wp\/v2\/users\/1"}],"replies":[{"embeddable":true,"href":"https:\/\/ecgm.fr\/index.php\/wp-json\/wp\/v2\/comments?post=12"}],"version-history":[{"count":12,"href":"https:\/\/ecgm.fr\/index.php\/wp-json\/wp\/v2\/pages\/12\/revisions"}],"predecessor-version":[{"id":87,"href":"https:\/\/ecgm.fr\/index.php\/wp-json\/wp\/v2\/pages\/12\/revisions\/87"}],"up":[{"embeddable":true,"href":"https:\/\/ecgm.fr\/index.php\/wp-json\/wp\/v2\/pages\/10"}],"wp:attachment":[{"href":"https:\/\/ecgm.fr\/index.php\/wp-json\/wp\/v2\/media?parent=12"}],"curies":[{"name":"wp","href":"https:\/\/api.w.org\/{rel}","templated":true}]}}