{"id":2,"date":"2016-09-16T11:59:22","date_gmt":"2016-09-16T09:59:22","guid":{"rendered":"http:\/\/ecgm.fr\/?page_id=2"},"modified":"2022-09-12T10:08:39","modified_gmt":"2022-09-12T08:08:39","slug":"bienvenue","status":"publish","type":"page","link":"https:\/\/ecgm.fr\/","title":{"rendered":"Bienvenue !"},"content":{"rendered":"<p style=\"text-align: justify;\">L&rsquo;ensemble choral Georges Migot est heureux de vous accueillir.<\/p>\n<p style=\"text-align: justify;\">Situ\u00e9 \u00e0 Cachan en proche banlieue parisienne, notre choeur est constitu\u00e9 d&rsquo;une vingtaine de membres.<\/p>\n<p style=\"text-align: justify;\">Nous chantons un r\u00e9pertoire vari\u00e9 allant de la musique de la Renaissance \u00e0 la musique contemporaine en passant par des chants traditionnels de divers pays.<\/p>\n<p style=\"text-align: justify;\">Si vous aimez chanter, rejoignez nous !<\/p>\n<div id=\"attachment_128\" style=\"width: 729px\" class=\"wp-caption aligncenter\"><img aria-describedby=\"caption-attachment-128\" decoding=\"async\" loading=\"lazy\" class=\"size-full wp-image-128\" src=\"https:\/\/ecgm.fr\/wp-content\/uploads\/2016\/10\/ecgm.jpg\" alt=\"ECGM \u00e0 Sickte - mai 2016\" width=\"719\" height=\"387\" srcset=\"https:\/\/ecgm.fr\/wp-content\/uploads\/2016\/10\/ecgm.jpg 719w, https:\/\/ecgm.fr\/wp-content\/uploads\/2016\/10\/ecgm-300x161.jpg 300w\" sizes=\"(max-width: 719px) 100vw, 719px\" \/><p id=\"caption-attachment-128\" class=\"wp-caption-text\">ECGM \u00e0 Sickte &#8211; mai 2016<\/p><\/div>\n<p><span style=\"border-radius: 2px; text-indent: 20px; width: auto; padding: 0px 4px 0px 0px; text-align: center; font: bold 11px\/20px 'Helvetica Neue',Helvetica,sans-serif; color: #ffffff; background: #bd081c no-repeat scroll 3px 50% \/ 14px 14px; position: absolute; opacity: 1; z-index: 8675309; display: none; cursor: pointer; top: 227px; left: 50px;\">Enregistrer<\/span><\/p>\n<p><span style=\"border-radius: 2px; text-indent: 20px; width: auto; padding: 0px 4px 0px 0px; text-align: center; font: bold 11px\/20px 'Helvetica Neue',Helvetica,sans-serif; color: #ffffff; background: #bd081c  no-repeat scroll 3px 50% \/ 14px 14px; position: absolute; opacity: 1; z-index: 8675309; display: none; cursor: pointer; top: 285px; left: 29px;\">Enregistrer<\/span><\/p>\n","protected":false},"excerpt":{"rendered":"<p>L&rsquo;ensemble choral Georges Migot est heureux de vous accueillir. Situ\u00e9 \u00e0 Cachan en proche banlieue parisienne, notre choeur est constitu\u00e9 d&rsquo;une vingtaine de membres. Nous chantons un r\u00e9pertoire vari\u00e9 allant de la musique de la Renaissance \u00e0 la musique contemporaine &hellip; <a href=\"https:\/\/ecgm.fr\/\">Continuer la lecture <span class=\"meta-nav\">&rarr;<\/span><\/a><\/p>\n","protected":false},"author":1,"featured_media":0,"parent":0,"menu_order":0,"comment_status":"closed","ping_status":"closed","template":"","meta":[],"_links":{"self":[{"href":"https:\/\/ecgm.fr\/index.php\/wp-json\/wp\/v2\/pages\/2"}],"collection":[{"href":"https:\/\/ecgm.fr\/index.php\/wp-json\/wp\/v2\/pages"}],"about":[{"href":"https:\/\/ecgm.fr\/index.php\/wp-json\/wp\/v2\/types\/page"}],"author":[{"embeddable":true,"href":"https:\/\/ecgm.fr\/index.php\/wp-json\/wp\/v2\/users\/1"}],"replies":[{"embeddable":true,"href":"https:\/\/ecgm.fr\/index.php\/wp-json\/wp\/v2\/comments?post=2"}],"version-history":[{"count":7,"href":"https:\/\/ecgm.fr\/index.php\/wp-json\/wp\/v2\/pages\/2\/revisions"}],"predecessor-version":[{"id":447,"href":"https:\/\/ecgm.fr\/index.php\/wp-json\/wp\/v2\/pages\/2\/revisions\/447"}],"wp:attachment":[{"href":"https:\/\/ecgm.fr\/index.php\/wp-json\/wp\/v2\/media?parent=2"}],"curies":[{"name":"wp","href":"https:\/\/api.w.org\/{rel}","templated":true}]}}