{"id":24,"date":"2016-09-16T16:44:32","date_gmt":"2016-09-16T14:44:32","guid":{"rendered":"http:\/\/ecgm.fr\/?page_id=24"},"modified":"2022-09-12T10:23:15","modified_gmt":"2022-09-12T08:23:15","slug":"chefs-de-choeur","status":"publish","type":"page","link":"https:\/\/ecgm.fr\/index.php\/chefs-de-choeur\/","title":{"rendered":"Chefs de choeur"},"content":{"rendered":"<p>Notre ensemble a \u00e9t\u00e9 cr\u00e9\u00e9 en 1972 par <a href=\"https:\/\/ecgm.fr\/index.php\/2016\/09\/16\/michelvergnault\/\"><b>Michel VERGNAULT<\/b><\/a> qui l&rsquo;a dirig\u00e9 jusqu&rsquo;en juin 2000<\/p>\n<p>Depuis, nous avons \u00e9t\u00e9 dirig\u00e9s par :<\/p>\n<ul class=\"standardtext\">\n<li class=\"standardtext\"><a href=\"http:\/\/www.bach-cantatas.com\/Bio\/Martin-Maeder-Christophe.htm\"><b>Christophe MARTIN-MA\u00cbDER<\/b><\/a> de septembre 2000 \u00e0 juin 2005<\/li>\n<li class=\"standardtext\"><a href=\"https:\/\/branistrizak.com\/\"><b>Branislava STRIZAK<\/b><\/a> de septembre 2005 \u00e0 juin 2009<\/li>\n<li class=\"standardtext\"><a href=\"http:\/\/lejardindemusique.fr\/bertrand_blondet.html\"><b>Bertrand BLONDET<\/b> <\/a>de juin 2009 \u00e0 novembre 2010<\/li>\n<li class=\"standardtext\"><a href=\"https:\/\/ecgm.fr\/index.php\/2015\/06\/16\/mauro-fantin\/\"><b>Mauro FANTIN<\/b> <\/a>de janvier 2011 \u00e0 septembre 2016<\/li>\n<li><a href=\"https:\/\/ecgm.fr\/index.php\/2016\/01\/04\/francoise-pech\/\"><strong>Fran\u00e7oise PECH<\/strong><\/a> de octobre 2016 \u00e0 septembre 2018<\/li>\n<li><a href=\"https:\/\/ecgm.fr\/index.php\/2018\/09\/19\/anne-olivet-chuop\/\"><strong><u>Anne OLIVET-CHUOP<\/u><\/strong><\/a> de septembre 2018 \u00e0 mars 2020<\/li>\n<\/ul>\n<p>Depuis octobre 2021&nbsp; la direction est assur\u00e9e par&nbsp;<strong><u><span style=\"color: #000000;\">Bishoy AWAD.<\/span><\/u><\/strong><\/p>\n<p class=\"standardtext\">Le nom de notre chorale est celui d&rsquo;un <b><a href=\"https:\/\/fr.wikipedia.org\/wiki\/Georges_Migot\">compositeur contemporain<\/a><\/b> (1891-1976) qu&rsquo;avait bien connu Michel VERGNAULT, et qui a laiss\u00e9 de nombreuses \u0153uvres dans les domaines de la musique de chambre, d&rsquo;orchestre, de piano, d&rsquo;orgue, lyrique, vocale, de chorale, etc&#8230;<\/p>\n","protected":false},"excerpt":{"rendered":"<p>Notre ensemble a \u00e9t\u00e9 cr\u00e9\u00e9 en 1972 par Michel VERGNAULT qui l&rsquo;a dirig\u00e9 jusqu&rsquo;en juin 2000 Depuis, nous avons \u00e9t\u00e9 dirig\u00e9s par : Christophe MARTIN-MA\u00cbDER de septembre 2000 \u00e0 juin 2005 Branislava STRIZAK de septembre 2005 \u00e0 juin 2009 Bertrand &hellip; <a href=\"https:\/\/ecgm.fr\/index.php\/chefs-de-choeur\/\">Continuer la lecture <span class=\"meta-nav\">&rarr;<\/span><\/a><\/p>\n","protected":false},"author":1,"featured_media":0,"parent":0,"menu_order":2,"comment_status":"closed","ping_status":"closed","template":"","meta":[],"_links":{"self":[{"href":"https:\/\/ecgm.fr\/index.php\/wp-json\/wp\/v2\/pages\/24"}],"collection":[{"href":"https:\/\/ecgm.fr\/index.php\/wp-json\/wp\/v2\/pages"}],"about":[{"href":"https:\/\/ecgm.fr\/index.php\/wp-json\/wp\/v2\/types\/page"}],"author":[{"embeddable":true,"href":"https:\/\/ecgm.fr\/index.php\/wp-json\/wp\/v2\/users\/1"}],"replies":[{"embeddable":true,"href":"https:\/\/ecgm.fr\/index.php\/wp-json\/wp\/v2\/comments?post=24"}],"version-history":[{"count":13,"href":"https:\/\/ecgm.fr\/index.php\/wp-json\/wp\/v2\/pages\/24\/revisions"}],"predecessor-version":[{"id":453,"href":"https:\/\/ecgm.fr\/index.php\/wp-json\/wp\/v2\/pages\/24\/revisions\/453"}],"wp:attachment":[{"href":"https:\/\/ecgm.fr\/index.php\/wp-json\/wp\/v2\/media?parent=24"}],"curies":[{"name":"wp","href":"https:\/\/api.w.org\/{rel}","templated":true}]}}