{"id":38,"date":"2016-09-16T17:06:29","date_gmt":"2016-09-16T15:06:29","guid":{"rendered":"http:\/\/ecgm.fr\/?page_id=38"},"modified":"2022-09-12T14:32:05","modified_gmt":"2022-09-12T12:32:05","slug":"informations-pratiques","status":"publish","type":"page","link":"https:\/\/ecgm.fr\/index.php\/informations-pratiques\/","title":{"rendered":"Informations pratiques"},"content":{"rendered":"<h2>Quel est notre r\u00e9pertoire ?<\/h2>\n<ul class=\"standardtext\">\n<li class=\"standardtext\">Chants populaires de diff\u00e9rentes \u00e9poques et de diff\u00e9rents pays, negro-spirituals, \u0153uvres courtes de grands compositeurs ou plus longues, telles que la Messe du Couronnement de Mozart.<\/li>\n<li class=\"standardtext\">Exem<span style=\"color: #333333;\">ples d&rsquo;<\/span><span style=\"color: #000000;\"><span style=\"color: #333333;\"> oeuvres travaill\u00e9es :<\/span><\/span><\/li>\n<li class=\"standardtext\">Vivaldi, Credo. Schutz, O bone Jesu. Bortnianski, Tebe poem. Gounod, extraits de Faust. Offenbach, extraits de La Perichole. Henri Salvador, Syracuse.<br \/>\nNegro spirituals: Daniel saw the stone, Soon I will be done, Going to shout all over God&rsquo;s heaven, Swing low.<\/li>\n<\/ul>\n<h2>O\u00f9 et quand chantons-nous ?<\/h2>\n<ul class=\"standardtext\">\n<li class=\"standardtext\">A Cachan, Salle CSC Lamartine au 4, square Lamartine (Cit\u00e9 jardins) tous les lundis entre 19h00 et 21h00 sauf vacances scolaires.<\/li>\n<\/ul>\n        <div class=\"gmwd_container_wrapper\">            <div class=\"gmwd_container\">                <div id=\"gmwd_container_1\">                    <script>                        if(typeof gmwdmapData == 'undefined'){                            var gmwdmapData = [];                         }                                                                gmwdmapData[\"widget\" + '7'] = \"\";                                           gmwdmapData[\"mapId\" + '7'] = Number(\"5\");                                           gmwdmapData[\"centerLat\" + '7'] = Number(\"48.78782951094803\");                        gmwdmapData[\"centerLng\" + '7'] = Number(\"2.319890856742859\");\t                        gmwdmapData[\"zoom\" + '7'] = Number(\"17\");                        gmwdmapData[\"mapType\" + '7'] = \"0\";                        gmwdmapData[\"maxZoom\" + '7'] = Number(\"22\");                        gmwdmapData[\"minZoom\" + '7'] = Number(\"2\");                        gmwdmapData[\"mapWhellScrolling\" + '7'] = Number(\"0\") == 1 ? true : false;\t\t\t\t                        gmwdmapData[\"infoWindowOpenOn\" + '7'] = \"click\" ;\t\t\t\t                        gmwdmapData[\"mapDragable\" + '7'] = Number(\"1\") == 1 ? true : false;\t                            gmwdmapData[\"mapDbClickZoom\" + '7'] = Number(\"0\") == 1 ? true : false;\t                                                            gmwdmapData[\"enableZoomControl\" + '7'] = Number(\"1\") == 1 ? true : false;                        gmwdmapData[\"enableMapTypeControl\" + '7'] = Number(\"1\") == 1 ? true : false;\t\t\t                        gmwdmapData[\"mapTypeControlOptions\" + '7'] = {};                                                gmwdmapData[\"enableScaleControl\" + '7'] = Number(\"1\") == 1 ? true : false;                        gmwdmapData[\"enableStreetViewControl\" + '7'] = Number(\"1\") == 1 ? true : false;                        gmwdmapData[\"enableFullscreenControl\" + '7'] = Number(\"0\") == 1 ? true : false;                        gmwdmapData[\"enableRotateControl\" + '7'] = Number(\"1\") == 1 ? true : false;                        gmwdmapData[\"mapTypeControlPosition\" + '7'] = Number(\"0\");                                                gmwdmapData[\"zoomControlPosition\" + '7'] = Number(\"0\");                        gmwdmapData[\"streetViewControlPosition\" + '7'] = Number(\"0\");                                                gmwdmapData[\"fullscreenControlPosition\" + '7'] = Number(\"0\");                                                gmwdmapData[\"mapTypeControlStyle\" + '7'] = Number(\"0\");\t\t\t\t                        gmwdmapData[\"mapBorderRadius\" + '7'] = \"\";                        gmwdmapData[\"enableBykeLayer\" + '7'] =  Number(\"0\");\t                        gmwdmapData[\"enableTrafficLayer\" + '7'] =  Number(\"0\");\t\t\t\t                        gmwdmapData[\"enableTransitLayer\" + '7'] =  Number(\"0\");\t                        gmwdmapData[\"geoRSSURL\" + '7'] = \"\";\t                        gmwdmapData[\"KMLURL\" + '7'] = \"\";\t                        gmwdmapData[\"fusionTableId\" + '7'] = '';\t                                        gmwdmapData[\"mapTheme\" + '7'] = '';\t\t\t                        gmwdmapData[\"mapMarkers\" + '7'] = JSON.parse('{\"10\":{\"id\":\"10\",\"map_id\":\"5\",\"lat\":\"48.7882387952981\",\"lng\":\"2.3197373476074157\",\"category\":\"0\",\"title\":\"CSC Lamartine\",\"address\":\"191 Avenue Aristide Briand, 94230 Cachan, France\",\"animation\":\"NONE\",\"enable_info_window\":\"1\",\"info_window_open\":\"0\",\"marker_size\":\"32\",\"custom_marker_url\":\"\",\"choose_marker_icon\":\"1\",\"description\":\"\",\"link_url\":\"\",\"pic_url\":\"\",\"published\":\"1\"}}');                        gmwdmapData[\"mapPolygons\" + '7'] =  JSON.parse('[]');                        gmwdmapData[\"mapPolylines\" + '7'] = JSON.parse('[]');                                                gmwdmapData[\"enableCategoryFilter\" + '7'] = \"0\";                                                gmwdmapData[\"enableDirections\" + '7'] = \"0\";                        gmwdmapData[\"enableStoreLocatior\" + '7'] = \"0\";                        gmwdmapData[\"storeLocatorDistanceIn\" + '7'] = \"km\";                                                gmwdmapData[\"storeLocatorStrokeWidth\" + '7'] = Number(\"2\");                        gmwdmapData[\"storeLocatorFillColor\" + '7'] = \"#\" + \"7FDF16\";                        gmwdmapData[\"storeLocatorFillOpacity\" + '7'] = Number(\"0.3\");                        gmwdmapData[\"storeLocatorLineColor\" + '7'] = \"#\" + \"000\";                        gmwdmapData[\"storeLocatorLineOpacity\" + '7'] = Number(\"0.6\");                                                gmwdmapData[\"markerListingType\" + '7'] = \"0\";                        gmwdmapData[\"markerListInsideMap\" + '7'] = \"0\";                        gmwdmapData[\"markerListPosition\" + '7'] = Number(\"0\");                        gmwdmapData[\"infoWindowInfo\" + '7'] = \"title,address,desc,pic\";                        gmwdmapData[\"advancedInfoWindowPosition\" + '7'] = Number(\"10\");                        gmwdmapData[\"geolocateUser\" + '7'] = Number(\"0\");                        gmwdmapData[\"items\" + '7'] = \"3\";                                                gmwdmapData[\"enableSerchBox\" + '7'] = \"0\";                        gmwdmapData[\"serchBoxPosition\" + '7'] = Number(\"3\");                                                gmwdmapData[\"allMarkers\" + '7'] = [];                               gmwdmapData[\"allPolygons\" + '7'] = [];                        gmwdmapData[\"allPolygonMarkers\" + '7'] = [];                        gmwdmapData[\"allPolylines\" + '7'] = [];                        gmwdmapData[\"allPolylineMarkers\" + '7'] = [];                        gmwdmapData[\"infoWindows\" + '7'] = [];                        gmwdmapData[\"ajaxData\" + '7']  = {};                                                var ajaxURL = \"https:\/\/ecgm.fr\/wp-admin\/admin-ajax.php\";                        var markerDefaultIcon = \"\";                        var GMWD_URL = \"https:\/\/ecgm.fr\/wp-content\/plugins\/wd-google-maps\";                        jQuery( document ).ready(function() {\t\t\t\t\t                            gmwdInitMainMap(\"wd-map7\",false, '7');                            gmwdReadyFunction('7');                        });                    <\/script>                                        <div class=\"wd-clear\">                        <div id=\"wd-map7\" class=\"wd-row \" style=\" height:300px; width:100%\"><\/div>                    <\/div>                                                                <\/div>            <\/div>\t\t<\/div>\t\t\n<h2>Rythme de nos r\u00e9p\u00e9titions ?<\/h2>\n<ul class=\"standardtext\">\n<li class=\"standardtext\">Une fois par semaine, \u00e0 l&rsquo;approche des concerts, des s\u00e9ances suppl\u00e9mentaires sont n\u00e9anmoins conseill\u00e9es.<\/li>\n<\/ul>\n<h2>Montant de notre cotisation ?<\/h2>\n<ul class=\"standardtext\">\n<li class=\"standardtext\">150 \u20ac pour l&rsquo;ann\u00e9e, ou si cela vous est plus facile, 50 \u20ac par trimestre, avec demi-tarif aux \u00e9tudiants.<\/li>\n<\/ul>\n<h2>Combien sommes-nous ?<\/h2>\n<ul class=\"standardtext\">\n<li class=\"standardtext\">Un vingtaine de choristes r\u00e9partis en diff\u00e9rents registres (soprani, alti, tenors et basses).<\/li>\n<\/ul>\n<p><span style=\"border-radius: 2px; text-indent: 20px; width: auto; padding: 0px 4px 0px 0px; text-align: center; font: bold 11px\/20px 'Helvetica Neue',Helvetica,sans-serif; color: #ffffff; background: #bd081c no-repeat scroll 3px 50% \/ 14px 14px; position: absolute; opacity: 1; z-index: 8675309; display: none; cursor: pointer;\">Enregistrer<\/span><\/p>\n<p><span style=\"border-radius: 2px; text-indent: 20px; width: auto; padding: 0px 4px 0px 0px; text-align: center; font: bold 11px\/20px 'Helvetica Neue',Helvetica,sans-serif; color: #ffffff; background: #bd081c no-repeat scroll 3px 50% \/ 14px 14px; position: absolute; opacity: 1; z-index: 8675309; display: none; cursor: pointer;\">Enregistrer<\/span><\/p>\n<p><span style=\"border-radius: 2px; text-indent: 20px; width: auto; padding: 0px 4px 0px 0px; text-align: center; font: bold 11px\/20px 'Helvetica Neue',Helvetica,sans-serif; color: #ffffff; background: #bd081c no-repeat scroll 3px 50% \/ 14px 14px; position: absolute; opacity: 1; z-index: 8675309; display: none; cursor: pointer;\">Enregistrer<\/span><\/p>\n<p><span style=\"border-radius: 2px; text-indent: 20px; width: auto; padding: 0px 4px 0px 0px; text-align: center; font: bold 11px\/20px 'Helvetica Neue',Helvetica,sans-serif; color: #ffffff; background: #bd081c no-repeat scroll 3px 50% \/ 14px 14px; position: absolute; opacity: 1; z-index: 8675309; display: none; cursor: pointer;\">Enregistrer<\/span><\/p>\n<p><span style=\"border-radius: 2px; text-indent: 20px; width: auto; padding: 0px 4px 0px 0px; text-align: center; font: bold 11px\/20px 'Helvetica Neue',Helvetica,sans-serif; color: #ffffff; background: #bd081c  no-repeat scroll 3px 50% \/ 14px 14px; position: absolute; opacity: 1; z-index: 8675309; display: none; cursor: pointer;\">Enregistrer<\/span><\/p>\n","protected":false},"excerpt":{"rendered":"<p>Quel est notre r\u00e9pertoire ? Chants populaires de diff\u00e9rentes \u00e9poques et de diff\u00e9rents pays, negro-spirituals, \u0153uvres courtes de grands compositeurs ou plus longues, telles que la Messe du Couronnement de Mozart. Exemples d&rsquo; oeuvres travaill\u00e9es : Vivaldi, Credo. Schutz, O &hellip; <a href=\"https:\/\/ecgm.fr\/index.php\/informations-pratiques\/\">Continuer la lecture <span class=\"meta-nav\">&rarr;<\/span><\/a><\/p>\n","protected":false},"author":1,"featured_media":0,"parent":0,"menu_order":5,"comment_status":"closed","ping_status":"closed","template":"","meta":[],"_links":{"self":[{"href":"https:\/\/ecgm.fr\/index.php\/wp-json\/wp\/v2\/pages\/38"}],"collection":[{"href":"https:\/\/ecgm.fr\/index.php\/wp-json\/wp\/v2\/pages"}],"about":[{"href":"https:\/\/ecgm.fr\/index.php\/wp-json\/wp\/v2\/types\/page"}],"author":[{"embeddable":true,"href":"https:\/\/ecgm.fr\/index.php\/wp-json\/wp\/v2\/users\/1"}],"replies":[{"embeddable":true,"href":"https:\/\/ecgm.fr\/index.php\/wp-json\/wp\/v2\/comments?post=38"}],"version-history":[{"count":12,"href":"https:\/\/ecgm.fr\/index.php\/wp-json\/wp\/v2\/pages\/38\/revisions"}],"predecessor-version":[{"id":463,"href":"https:\/\/ecgm.fr\/index.php\/wp-json\/wp\/v2\/pages\/38\/revisions\/463"}],"wp:attachment":[{"href":"https:\/\/ecgm.fr\/index.php\/wp-json\/wp\/v2\/media?parent=38"}],"curies":[{"name":"wp","href":"https:\/\/api.w.org\/{rel}","templated":true}]}}