{"id":507,"date":"2024-06-07T19:57:27","date_gmt":"2024-06-07T17:57:27","guid":{"rendered":"https:\/\/ecgm.fr\/?page_id=507"},"modified":"2024-06-07T19:57:28","modified_gmt":"2024-06-07T17:57:28","slug":"concert-en-mars-2024","status":"publish","type":"page","link":"https:\/\/ecgm.fr\/index.php\/concert-en-mars-2024\/","title":{"rendered":"concert en mars 2024"},"content":{"rendered":"\n<p>La chorale s&rsquo;est produite en public le dimanche 17 mars 2024 gr\u00e2ce au directeur de la r\u00e9sidence pour personnes \u00e2g\u00e9es (RPA) du Moulin. Nous avons r\u00e9p\u00e9t\u00e9 le dimanche matin dans la salle de r\u00e9ception et restauration de la r\u00e9sidence avec la participation de Judith PHAM qui nous a accompagn\u00e9 au piano sous la direction de Bishoy Awad.<\/p>\n\n\n\n<p>Au programme du concert , deux chants extraits de la messe br\u00e8ve N\u00b07 de Charles Gounod (dite aux chapelles) \u00ab\u00a0Kyrie\u00a0\u00bb et \u00ab\u00a0Gloria\u00a0\u00bb.<br>Ont suivi l'\u00a0\u00bbAve Verum\u00a0\u00bb de Charles Gounod, <br>\u00ab\u00a0Non nobis Domine\u00a0\u00bb de William Byrd,<br> \u00ab\u00a0l&rsquo;Hymne \u00e0 la nuit\u00a0\u00bb de Jean Philippe Rameau, <br>le canon\u00a0\u00bbQuand la nuit se pose\u00a0\u00bb de Jean Naty Boyer .<\/p>\n\n\n\n<p>Judith a jou\u00e9 seule au piano  \u00ab\u00a0l&rsquo;Impromptu N\u00b03 opus 90 en Sol majeur\u00a0\u00bb  de Franz Schubert.<br><br>Puis la chorale a chant\u00e9 \u00ab\u00a0l\u2019Ange gardien\u00a0\u00bb de C\u00e9sar Franck, <br>\u00ab\u00a0Au c\u0153ur de la nuit\u00a0\u00bb (Air celte, adapt\u00e9 par Bernard Lallement, <br>\u00ab\u00a0Barcarolle Belle nuit, \u00d4 nuit d\u2019amour\u00a0\u00bb de Jacques Offenbach,<br>\u00ab\u00a0Belle qui tiens ma vie, Pavane de Thoinot Arbeau, <br>\u00ab\u00a0Par une belle nuit\u00a0\u00bb de Charles Gounod et au final <br>\u00ab\u00a0La tendresse\u00a0\u00bb de H. Giraud et N. Roux.<\/p>\n\n\n\n<p>Les choristes ont \u00e9t\u00e9 applaudis autant que le chef Bishoy et la pianiste Judith. Nous avons donn\u00e9 rendez-vous aux futurs concerts de juin avec l&rsquo;espoir de toucher un public plus large!<\/p>\n\n\n\n<p><\/p>\n","protected":false},"excerpt":{"rendered":"<p>La chorale s&rsquo;est produite en public le dimanche 17 mars 2024 gr\u00e2ce au directeur de la r\u00e9sidence pour personnes \u00e2g\u00e9es (RPA) du Moulin. Nous avons r\u00e9p\u00e9t\u00e9 le dimanche matin dans la salle de r\u00e9ception et restauration de la r\u00e9sidence avec &hellip; <a href=\"https:\/\/ecgm.fr\/index.php\/concert-en-mars-2024\/\">Continuer la lecture <span class=\"meta-nav\">&rarr;<\/span><\/a><\/p>\n","protected":false},"author":1,"featured_media":0,"parent":0,"menu_order":0,"comment_status":"closed","ping_status":"closed","template":"","meta":[],"_links":{"self":[{"href":"https:\/\/ecgm.fr\/index.php\/wp-json\/wp\/v2\/pages\/507"}],"collection":[{"href":"https:\/\/ecgm.fr\/index.php\/wp-json\/wp\/v2\/pages"}],"about":[{"href":"https:\/\/ecgm.fr\/index.php\/wp-json\/wp\/v2\/types\/page"}],"author":[{"embeddable":true,"href":"https:\/\/ecgm.fr\/index.php\/wp-json\/wp\/v2\/users\/1"}],"replies":[{"embeddable":true,"href":"https:\/\/ecgm.fr\/index.php\/wp-json\/wp\/v2\/comments?post=507"}],"version-history":[{"count":2,"href":"https:\/\/ecgm.fr\/index.php\/wp-json\/wp\/v2\/pages\/507\/revisions"}],"predecessor-version":[{"id":509,"href":"https:\/\/ecgm.fr\/index.php\/wp-json\/wp\/v2\/pages\/507\/revisions\/509"}],"wp:attachment":[{"href":"https:\/\/ecgm.fr\/index.php\/wp-json\/wp\/v2\/media?parent=507"}],"curies":[{"name":"wp","href":"https:\/\/api.w.org\/{rel}","templated":true}]}}