{"id":510,"date":"2024-06-07T19:47:48","date_gmt":"2024-06-07T17:47:48","guid":{"rendered":"https:\/\/ecgm.fr\/?page_id=510"},"modified":"2024-06-07T19:54:37","modified_gmt":"2024-06-07T17:54:37","slug":"concerts-en-juin-2024","status":"publish","type":"page","link":"https:\/\/ecgm.fr\/index.php\/concerts-en-juin-2024\/","title":{"rendered":"concerts en juin 2024"},"content":{"rendered":"\n<p>Nous sommes sur la derni\u00e8re ligne droite , est-ce l&rsquo;influence des Jeux Olympiques \u00e0 Paris, peut \u00eatre mais l&rsquo;\u00e9ch\u00e9ance du concert le 15 juin dans l&rsquo;\u00e9glise Saint Denys d&rsquo;Arcueil est tr\u00e8s proche!<\/p>\n\n\n\n<p>Sur l&rsquo;affiche c&rsquo;est le compositeur Charles Gounod qui domine avec trois titres \u00ab\u00a0la Messe br\u00e8ve N\u00b07 aux chapelles\u00a0\u00bb, \u00ab\u00a0Ave Verum\u00a0\u00bb  et \u00ab\u00a0Ave Maria\u00a0\u00bb.<\/p>\n\n\n\n<p>Viennent ensuite quelques airs d&rsquo;op\u00e9ra dont certains sont peu connus mais demandent aux choristes de la rigueur et de la pr\u00e9cision.<\/p>\n\n\n\n<p>Pour acc\u00e9der \u00e0 des informations suppl\u00e9mentaires sur ces concerts, cliquer sur ce lien et s\u00e9lectionner l&rsquo;onglet \u00ab\u00a0Nos concerts et autres infos\u00a0\u00bb.<\/p>\n\n\n\n<p><a rel=\"noreferrer noopener\" href=\"https:\/\/intra.ecgm.fr\/user\/infopubl.php\" target=\"_blank\">https:\/\/intra.ecgm.fr\/user\/infopubl.php<\/a>  <\/p>\n\n\n\n<p>Aujourd&rsquo;hui, il faut retenir trois dates dans votre agenda: <\/p>\n\n\n\n<p>samedi 15 juin 2024 \u00e0 19h concert chorale Georges Migot dans l&rsquo;\u00e9glise Saint Denys d&rsquo;Arcueil; adresse 32 rue Emile Raspail .<\/p>\n\n\n\n<p>lundi 17 juin 2024 \u00e0 19h op\u00e9ration portes ouvertes sur une s\u00e9ance de r\u00e9p\u00e9tition de la chorale ECGM \u00e0 l&rsquo;Orangerie de Cachan; dur\u00e9e 2h. Attention, ce b\u00e2timent historique est en bordure du parc Raspail mais l&rsquo;acc\u00e8s se fait par la rue Gallieni au num\u00e9ro 15.<\/p>\n\n\n\n<p>Vous pourrez participer en direct si vous connaissez le chant et le chef de choeur Bishoy vous indiquera le pupitre en fonction de votre voix. <\/p>\n\n\n\n<p>dimanche 23 juin \u00e0 15h30 concert chorale Georges Migot dans la salle du March\u00e9 de la Plaine; adresse 4 rue des Saussaies.<\/p>\n\n\n\n<p> <\/p>\n","protected":false},"excerpt":{"rendered":"<p>Nous sommes sur la derni\u00e8re ligne droite , est-ce l&rsquo;influence des Jeux Olympiques \u00e0 Paris, peut \u00eatre mais l&rsquo;\u00e9ch\u00e9ance du concert le 15 juin dans l&rsquo;\u00e9glise Saint Denys d&rsquo;Arcueil est tr\u00e8s proche! Sur l&rsquo;affiche c&rsquo;est le compositeur Charles Gounod qui &hellip; <a href=\"https:\/\/ecgm.fr\/index.php\/concerts-en-juin-2024\/\">Continuer la lecture <span class=\"meta-nav\">&rarr;<\/span><\/a><\/p>\n","protected":false},"author":1,"featured_media":0,"parent":0,"menu_order":0,"comment_status":"closed","ping_status":"closed","template":"","meta":[],"_links":{"self":[{"href":"https:\/\/ecgm.fr\/index.php\/wp-json\/wp\/v2\/pages\/510"}],"collection":[{"href":"https:\/\/ecgm.fr\/index.php\/wp-json\/wp\/v2\/pages"}],"about":[{"href":"https:\/\/ecgm.fr\/index.php\/wp-json\/wp\/v2\/types\/page"}],"author":[{"embeddable":true,"href":"https:\/\/ecgm.fr\/index.php\/wp-json\/wp\/v2\/users\/1"}],"replies":[{"embeddable":true,"href":"https:\/\/ecgm.fr\/index.php\/wp-json\/wp\/v2\/comments?post=510"}],"version-history":[{"count":5,"href":"https:\/\/ecgm.fr\/index.php\/wp-json\/wp\/v2\/pages\/510\/revisions"}],"predecessor-version":[{"id":516,"href":"https:\/\/ecgm.fr\/index.php\/wp-json\/wp\/v2\/pages\/510\/revisions\/516"}],"wp:attachment":[{"href":"https:\/\/ecgm.fr\/index.php\/wp-json\/wp\/v2\/media?parent=510"}],"curies":[{"name":"wp","href":"https:\/\/api.w.org\/{rel}","templated":true}]}}